{"id":1455,"date":"2015-09-19T21:14:24","date_gmt":"2015-09-20T01:14:24","guid":{"rendered":"https:\/\/brigittedahan.com\/en\/?page_id=1455"},"modified":"2026-03-17T10:18:17","modified_gmt":"2026-03-17T14:18:17","slug":"exhibitions","status":"publish","type":"page","link":"https:\/\/brigittedahan.com\/en\/exhibitions\/","title":{"rendered":"Exhibitions"},"content":{"rendered":"\n\n<h2>\n\t\t\tSolo Exhibitions \t<\/h2>\n\t<table>\n<tbody>\n<tr>\n<td>2026<\/td>\n<td>Centre d&#8217;exposition d&#8217;Amos, Amos &#8211; <em>Les mondes invisibles<\/em><\/td>\n<\/tr>\n<tr>\n<td>2024<\/td>\n<td>Centre national d&#8217;exposition, Saguenay &#8211; <em>Les mondes invisibles<\/em><\/td>\n<\/tr>\n<tr>\n<td>2024<\/td>\n<td>Galerie d&#8217;art d&#8217;Outremont, Montr\u00e9al &#8211; <em>Les mondes invisibles<\/em><\/td>\n<\/tr>\n<tr>\n<td>2024<\/td>\n<td>Galerie Montcalm, Gatineau &#8211; <em>Les mondes invisibles<\/em><\/td>\n<\/tr>\n<tr>\n<td>2023<\/td>\n<td>Centre culturel Yvonne L. Bombardier, Valcourt &#8211; <em>Les mondes invisibles<\/em><\/td>\n<\/tr>\n<tr>\n<td>2022<\/td>\n<td>Mus\u00e9e Marius Barbeau,\u00a0St-Joseph-de-Beauce &#8211; <em>Apparences<\/em><\/td>\n<\/tr>\n<tr>\n<td>2020<\/td>\n<td>Galerie Arts Sutton, Sutton &#8211; <em>Apparences<\/em><\/td>\n<\/tr>\n<tr>\n<td>2019<\/td>\n<td>Centre Rotary, La Sarre &#8211; <em>Mouvances<\/em><\/td>\n<\/tr>\n<tr>\n<td>2018<\/td>\n<td>Galerie Montcalm,\u00a0Gatineau &#8211;\u00a0<em>Mouvances<\/em><\/td>\n<\/tr>\n<tr>\n<td>2017<\/td>\n<td>Maison des arts et de la culture de Brompton, Sherbrooke &#8211; <em>Au fil du temps<\/em> (installation dans le cadre des <em>Jardins r\u00e9invent\u00e9s de la Saint-Fran\u00e7ois<\/em>)<\/td>\n<\/tr>\n<\/tbody>\n<\/table>\n<h2>\n\t\t\tGroup Exhibitions\t<\/h2>\n\t<table>\ufeff\n<tbody>\n<tr>\n<td>2025<\/td>\n<td>End-of-residency exhibition <em>Invitation au voyage<\/em>, A.I.R Vallauris, Vallauris, France<\/td>\n<\/tr>\n<tr>\n<td>2025<\/td>\n<td>End-of-residency exhibition <em>Crossing Path<\/em>, C.R.E.T.A Rome, Rome, Italy<\/td>\n<\/tr>\n<tr>\n<td>2024-2019<\/td>\n<td>Exhibition <em>Sculptures au jardin<\/em>, Jardin Moore, Mascouche, Editions 2019, 2020, 2021, 2023, 2024<\/td>\n<\/tr>\n<tr>\n<td>2023<\/td>\n<td>Exhibition <em>La danse du geste<\/em>, Mus\u00e9e du Haut-Richelieu, Saint-Jean-sur-Richelieu, QC<\/td>\n<\/tr>\n<tr>\n<td>2022<\/td>\n<td><em>The Biennial of Eastern Townships artists 2022<\/em>, Mus\u00e9e des beaux-arts de Sherbrooke, Sherbrooke, QC<\/td>\n<\/tr>\n<tr>\n<td>2022-2019<\/td>\n<td><em>Exhibition of finalists for the prize Fran\u00e7ois Houd\u00e9<\/em>, Canadian Guild of Crafts\u00a0&#8211; Editions  2019, 2021, 2022, Montreal, QC<\/td>\n<\/tr>\n<tr>\n<td>2016<\/td>\n<td>Montreal botanical Garden\u00a0 &#8211; <em>L&#8217;art au jardin botanique<\/em>, Montreal, QC<\/td>\n<\/tr>\n<tr>\n<td>2015<\/td>\n<td>Canadian Guild of Crafts &#8211; <em>Collectif N\u00e9on<\/em>, Montreal, QC<\/td>\n<\/tr>\n<\/tbody>\n<\/table>\n<h2>\n\t\t\tR\u00e9sidencies \t<\/h2>\n\t<table>\n<tbody>\n<tr>\n<td>2025<\/td>\n<td>C.R.E.T.A Rome, Ceramic artist residency, Rome, Italy<\/td>\n<\/tr>\n<tr>\n<td>2025<\/td>\n<td>AIR Vallauris, Ceramic artist residency, Vallauris, France<\/td>\n<\/tr>\n<\/tbody>\n<\/table>\n<h2>\n\t\t\tAwards and Mentions\t<\/h2>\n\t<table>\n<tbody>\n<tr>\n<td>2026<\/td>\n<td>Guest Artist, <em>Exhibition Sculptures au jardin 2026<\/em>, Jardin Moore, Mascouche, QC<\/td>\n<\/tr>\n<tr>\n<td>2024<\/td>\n<td><em>1st Prize Sculpture Desjardins 2024<\/em> for the sculpture <em>Immortal III<\/em> &#8211; <em>Exhibition Sculptures au Jardin Moore<\/em>, Mascouche, QC<\/td>\n<\/tr>\n<tr>\n<td>2022<\/td>\n<td><em>1st Prize Sculpture Desjardins 2022<\/em>\u00a0for the sculpture <em>the Hand<\/em>\u00a0&#8211; <em>Exhibition Sculptures au Jardin Moore<\/em>, Mascouche, QC<\/td>\n<\/tr>\n<tr>\n<td>2022-2019<\/td>\n<td>Finalist for the <em>Prize Fran\u00e7ois Houd\u00e9<\/em>, Montreal, QC, Editions 2019, 2021, 2022<\/td>\n<\/tr>\n<tr>\n<td>2019<\/td>\n<td><em>1st Prize Sculpture Desjardins<\/em><em> 2019<\/em>\u202ffor the\u00a0sculpture <em>Human Nature <\/em><em>III<\/em> &#8211; <em>Exhibition Sculptures au jardin Moore<\/em>, Mascouche<\/td>\n<\/tr>\n<tr>\n<td>2017<\/td>\n<td>Distinction Award &#8211; Prize awarded by peers to a sculptor for his outstanding work\u00a0 &#8211; <em>Le Printemps de la Sculpture 2017<\/em><\/td>\n<\/tr>\n<\/tbody>\n<\/table>\n<h2>\n\t\t\tAssociations\t<\/h2>\n\t<p>Regroupement des Artistes en Arts Visuels du Qu\u00e9bec, Professional member<\/p>\n<p>Conseil de la sculpture du Qu\u00e9bec, Professional member<\/p>\n<p>Conseil des M\u00e9tiers d&#8217;Art du Qu\u00e9bec, Professional member<\/p>\n<h2>\n\t\t\tPublic and Private Collections \t<\/h2>\n\t<p>City of Montreal, QC <\/p>\n<p>City of Boucherville, QC <\/p>\n<p>City of Saint-Jean-Sur-Richelieu, QC <\/p>\n<p>City of La Sarre, La Sarre, QC<\/p>\n<p>Collection ARTRIA, le parcours des \u0153uvres en nature, City of Granby, QC <\/p>\n<p>Tourism Granby, City of Granby, QC <\/p>\n<p>Private collections in Canada, USA and France <\/p>\n\t\t\t<img loading=\"lazy\" decoding=\"async\" src=\"https:\/\/brigittedahan.com\/wp-content\/uploads\/2026\/03\/Brigitte_Dahan2024-Galerie-Outremont-Montreal-Les-mondes-invisibles-IMG_2441.jpg\" alt=\"2024 Galerie Outremont, Montr\u00e9al - Les mondes invisibles\" data-no-lazy=\"1\" itemprop=\"thumbnail\" width=\"1200\" height=\"755\" \/>\n\t\t\t<!-- Overlay Wrapper -->\n\t\t\t\t\t\t\t2024 Galerie Outremont, Montreal &#8211; <i>Les mondes invisibles<\/i>\t\t\t\t\t\t\n\t\t\t <!-- Overlay Wrapper Closed -->\n\t\t\t\t\t\t\t<meta itemprop=\"width\" content=\"1200\" \/>\n\t\t\t<meta itemprop=\"height\" content=\"755\" \/>\n\t\t\t<img loading=\"lazy\" decoding=\"async\" src=\"https:\/\/brigittedahan.com\/wp-content\/uploads\/2026\/03\/Brigitte-Dahan-2024-Brigitte-Dahan-Galerie-Outremont-Montreal-Les-mondes-invisibles-IMG_2946.jpg\" alt=\"2024 - Galerie Montcalm, Gatineau - Les mondes invisibles\" data-no-lazy=\"1\" itemprop=\"thumbnail\" width=\"1200\" height=\"900\" \/>\n\t\t\t<!-- Overlay Wrapper -->\n\t\t\t\t\t\t\t2024 &#8211; Galerie Montcalm, Gatineau &#8211; <i>Les mondes invisibles<\/i>\t\t\t\t\t\t\n\t\t\t <!-- Overlay Wrapper Closed -->\n\t\t\t\t\t\t\t<meta itemprop=\"width\" content=\"1200\" \/>\n\t\t\t<meta itemprop=\"height\" content=\"900\" \/>\n\t\t\t<img loading=\"lazy\" decoding=\"async\" src=\"https:\/\/brigittedahan.com\/wp-content\/uploads\/2026\/03\/Brigitte-Dahan-2024-Galerie-Outremont-Montreal-Les-mondes-invisibles-MG_2936.jpg\" alt=\"2024 - Galerie Montcalm, Gatineau - Les mondes invisibles\" data-no-lazy=\"1\" itemprop=\"thumbnail\" width=\"1200\" height=\"900\" \/>\n\t\t\t<!-- Overlay Wrapper -->\n\t\t\t\t\t\t\t2024 &#8211; Galerie Montcalm, Gatineau &#8211; <i>Les mondes invisibles<\/i>\t\t\t\t\t\t\n\t\t\t <!-- Overlay Wrapper Closed -->\n\t\t\t\t\t\t\t<meta itemprop=\"width\" content=\"1200\" \/>\n\t\t\t<meta itemprop=\"height\" content=\"900\" \/>\n\t\t\t<img loading=\"lazy\" decoding=\"async\" src=\"https:\/\/brigittedahan.com\/wp-content\/uploads\/2026\/03\/Brigitte-Dahan-2024-Galerie-Outremont-Montreal-Les-mondes-invisibles-IMG_2771.jpg\" alt=\"2024 - Centre national d'exposition, Saguenay - Les mondes invisibles\" data-no-lazy=\"1\" itemprop=\"thumbnail\" width=\"1200\" height=\"900\" \/>\n\t\t\t<!-- Overlay Wrapper -->\n\t\t\t\t\t\t\t2024 &#8211; Centre national d&#8217;exposition, Saguenay &#8211; <i>Les mondes invisibles<\/i>\t\t\t\t\t\t\n\t\t\t <!-- Overlay Wrapper Closed -->\n\t\t\t\t\t\t\t<meta itemprop=\"width\" content=\"1200\" \/>\n\t\t\t<meta itemprop=\"height\" content=\"900\" \/>\n\t\t\t<img loading=\"lazy\" decoding=\"async\" src=\"https:\/\/brigittedahan.com\/wp-content\/uploads\/2024\/03\/2023-Bombardier-2.jpg\" alt=\"2023- Centre culturel Yvonne L. Bombardier, Valcourt - Les mondes invisibles\" data-no-lazy=\"1\" itemprop=\"thumbnail\" width=\"400\" height=\"267\" \/>\n\t\t\t<!-- Overlay Wrapper -->\n\t\t\t\t\t\t\t2023- Centre culturel Yvonne L. Bombardier, Valcourt &#8211; <i>Les mondes invisibles<\/i>\t\t\t\t\t\t\n\t\t\t <!-- Overlay Wrapper Closed -->\n\t\t\t\t\t\t\t<meta itemprop=\"width\" content=\"400\" \/>\n\t\t\t<meta itemprop=\"height\" content=\"267\" \/>\n\t\t\t<img loading=\"lazy\" decoding=\"async\" src=\"https:\/\/brigittedahan.com\/wp-content\/uploads\/2024\/03\/2019-Expo-Centre-Rotary-LaSarre-1.jpg\" alt=\"2019 - Centre Rotary, La Sarre - Mouvances\" data-no-lazy=\"1\" itemprop=\"thumbnail\" width=\"400\" height=\"257\" \/>\n\t\t\t<!-- Overlay Wrapper -->\n\t\t\t\t\t\t\t2019 &#8211; Centre Rotary, La Sarre &#8211; <i>Mouvances<\/i>\t\t\t\t\t\t\n\t\t\t <!-- Overlay Wrapper Closed -->\n\t\t\t\t\t\t\t<meta itemprop=\"width\" content=\"400\" \/>\n\t\t\t<meta itemprop=\"height\" content=\"257\" \/>\n\t\t\t<img loading=\"lazy\" decoding=\"async\" src=\"https:\/\/brigittedahan.com\/wp-content\/uploads\/2026\/03\/Brigitte-Dahan-2024-Exposition-Sculptures-au-jardinMoore_IMG_3115.jpg\" alt=\"2024 - Exhibition Sculptures au jardin Moore\" data-no-lazy=\"1\" itemprop=\"thumbnail\" width=\"1200\" height=\"900\" \/>\n\t\t\t<!-- Overlay Wrapper -->\n\t\t\t\t\t\t\t2024 &#8211; Exhibition <i>Sculptures au jardin Moore<\/i>\t\t\t\t\t\t\n\t\t\t <!-- Overlay Wrapper Closed -->\n\t\t\t\t\t\t\t<meta itemprop=\"width\" content=\"1200\" \/>\n\t\t\t<meta itemprop=\"height\" content=\"900\" \/>\n\t\t\t<img loading=\"lazy\" decoding=\"async\" src=\"https:\/\/brigittedahan.com\/wp-content\/uploads\/2026\/03\/Brigitte_Dahan-2024-Exposition-Sculptures-au-Jardin-Moore-IMG_0178.jpg\" alt=\"2024 - Exhibition Sculptures au Jardin Moore\" data-no-lazy=\"1\" itemprop=\"thumbnail\" width=\"900\" height=\"1200\" \/>\n\t\t\t<!-- Overlay Wrapper -->\n\t\t\t\t\t\t\t2024 &#8211; Exhibition <i>Sculptures au Jardin Moore<\/i>\t\t\t\t\t\t\n\t\t\t <!-- Overlay Wrapper Closed -->\n\t\t\t\t\t\t\t<meta itemprop=\"width\" content=\"900\" \/>\n\t\t\t<meta itemprop=\"height\" content=\"1200\" \/>\n\t\t\t<img loading=\"lazy\" decoding=\"async\" src=\"https:\/\/brigittedahan.com\/wp-content\/uploads\/2026\/03\/Brigitte-Dahan-2025-Exposition-Sculptures-au-Jardin-Moore-IMG_3417.jpg\" alt=\"2025 - Exhibition Sculptures au Jardin Moore\" data-no-lazy=\"1\" itemprop=\"thumbnail\" width=\"800\" height=\"1200\" \/>\n\t\t\t<!-- Overlay Wrapper -->\n\t\t\t\t\t\t\t2025 &#8211; Exhibition <i>Sculptures au Jardin Moore<\/i>\t\t\t\t\t\t\n\t\t\t <!-- Overlay Wrapper Closed -->\n\t\t\t\t\t\t\t<meta itemprop=\"width\" content=\"800\" \/>\n\t\t\t<meta itemprop=\"height\" content=\"1200\" \/>\n\t\t\t<img loading=\"lazy\" decoding=\"async\" src=\"https:\/\/brigittedahan.com\/wp-content\/uploads\/2024\/03\/2022-Musee-BA-sherbrooke-2.jpg\" alt=\"2022 - Biennale des artistes des Cantons de l'Est 2022, Mus\u00e9e des beaux-arts de Sherbrooke, Sherbrooke, QC\" data-no-lazy=\"1\" itemprop=\"thumbnail\" width=\"400\" height=\"300\" \/>\n\t\t\t<!-- Overlay Wrapper -->\n\t\t\t\t\t\t\t2022 &#8211; <i>The Biennial of Eastern Townships artists 2022<\/i>, Mus\u00e9e des beaux-arts de Sherbrooke\t\t\t\t\t\t\n\t\t\t <!-- Overlay Wrapper Closed -->\n\t\t\t\t\t\t\t<meta itemprop=\"width\" content=\"400\" \/>\n\t\t\t<meta itemprop=\"height\" content=\"300\" \/>\n\t\t\t<img loading=\"lazy\" decoding=\"async\" src=\"https:\/\/brigittedahan.com\/wp-content\/uploads\/2024\/03\/2022-Musee-BA-sherbrooke-1.jpg\" alt=\"2022 - Biennale des artistes des Cantons de l'Est 2022, Mus\u00e9e des beaux-arts de Sherbrooke, Sherbrooke, QC\" data-no-lazy=\"1\" itemprop=\"thumbnail\" width=\"400\" height=\"266\" \/>\n\t\t\t<!-- Overlay Wrapper -->\n\t\t\t\t\t\t\t2022 &#8211; <i>The Biennial of Eastern Townships artists 2022<\/i>, Mus\u00e9e des beaux-arts de Sherbrooke\t\t\t\t\t\t\n\t\t\t <!-- Overlay Wrapper Closed -->\n\t\t\t\t\t\t\t<meta itemprop=\"width\" content=\"400\" \/>\n\t\t\t<meta itemprop=\"height\" content=\"266\" \/>\n\t\n","protected":false},"excerpt":{"rendered":"<p>Solo Exhibitions 2026 Centre d&#8217;exposition d&#8217;Amos, Amos &#8211; Les mondes invisibles 2024 Centre national d&#8217;exposition, Saguenay &#8211; Les mondes invisibles 2024 Galerie d&#8217;art d&#8217;Outremont, Montr\u00e9al &#8211; Les mondes invisibles 2024 Galerie Montcalm, Gatineau &#8211; Les mondes invisibles 2023 Centre culturel Yvonne L. Bombardier, Valcourt &#8211; Les mondes invisibles 2022 Mus\u00e9e Marius Barbeau,\u00a0St-Joseph-de-Beauce &#8211; Apparences 2020&hellip;<\/p>\n","protected":false},"author":3,"featured_media":0,"parent":0,"menu_order":8,"comment_status":"closed","ping_status":"closed","template":"","meta":{"_acf_changed":false,"footnotes":""},"class_list":["post-1455","page","type-page","status-publish","hentry"],"acf":[],"yoast_head":"<!-- This site is optimized with the Yoast SEO plugin v27.4 - https:\/\/yoast.com\/product\/yoast-seo-wordpress\/ -->\n<title>Exhibitions - Brigitte Dahan<\/title>\n<meta name=\"robots\" content=\"index, follow, max-snippet:-1, max-image-preview:large, max-video-preview:-1\" \/>\n<link rel=\"canonical\" href=\"https:\/\/brigittedahan.com\/en\/exhibitions\/\" \/>\n<meta property=\"og:locale\" content=\"en_US\" \/>\n<meta property=\"og:type\" content=\"article\" \/>\n<meta property=\"og:title\" content=\"Exhibitions - Brigitte Dahan\" \/>\n<meta property=\"og:description\" content=\"Solo Exhibitions 2026 Centre d&#8217;exposition d&#8217;Amos, Amos &#8211; Les mondes invisibles 2024 Centre national d&#8217;exposition, Saguenay &#8211; Les mondes invisibles 2024 Galerie d&#8217;art d&#8217;Outremont, Montr\u00e9al &#8211; Les mondes invisibles 2024 Galerie Montcalm, Gatineau &#8211; Les mondes invisibles 2023 Centre culturel Yvonne L. Bombardier, Valcourt &#8211; Les mondes invisibles 2022 Mus\u00e9e Marius Barbeau,\u00a0St-Joseph-de-Beauce &#8211; Apparences 2020&hellip;\" \/>\n<meta property=\"og:url\" content=\"https:\/\/brigittedahan.com\/en\/exhibitions\/\" \/>\n<meta property=\"og:site_name\" content=\"Brigitte Dahan\" \/>\n<meta property=\"article:publisher\" content=\"https:\/\/www.facebook.com\/brigitte.dahan1\" \/>\n<meta property=\"article:modified_time\" content=\"2026-03-17T14:18:17+00:00\" \/>\n<meta property=\"og:image\" content=\"https:\/\/brigittedahan.com\/wp-content\/uploads\/2026\/03\/Brigitte_Dahan2024-Galerie-Outremont-Montreal-Les-mondes-invisibles-IMG_2441.jpg\" \/>\n<meta name=\"twitter:card\" content=\"summary_large_image\" \/>\n<meta name=\"twitter:label1\" content=\"Est. reading time\" \/>\n\t<meta name=\"twitter:data1\" content=\"2 minutes\" \/>\n<script type=\"application\/ld+json\" class=\"yoast-schema-graph\">{\"@context\":\"https:\\\/\\\/schema.org\",\"@graph\":[{\"@type\":\"WebPage\",\"@id\":\"https:\\\/\\\/brigittedahan.com\\\/en\\\/exhibitions\\\/\",\"url\":\"https:\\\/\\\/brigittedahan.com\\\/en\\\/exhibitions\\\/\",\"name\":\"Exhibitions - Brigitte Dahan\",\"isPartOf\":{\"@id\":\"https:\\\/\\\/brigittedahan.com\\\/en\\\/#website\"},\"primaryImageOfPage\":{\"@id\":\"https:\\\/\\\/brigittedahan.com\\\/en\\\/exhibitions\\\/#primaryimage\"},\"image\":{\"@id\":\"https:\\\/\\\/brigittedahan.com\\\/en\\\/exhibitions\\\/#primaryimage\"},\"thumbnailUrl\":\"https:\\\/\\\/brigittedahan.com\\\/wp-content\\\/uploads\\\/2026\\\/03\\\/Brigitte_Dahan2024-Galerie-Outremont-Montreal-Les-mondes-invisibles-IMG_2441.jpg\",\"datePublished\":\"2015-09-20T01:14:24+00:00\",\"dateModified\":\"2026-03-17T14:18:17+00:00\",\"breadcrumb\":{\"@id\":\"https:\\\/\\\/brigittedahan.com\\\/en\\\/exhibitions\\\/#breadcrumb\"},\"inLanguage\":\"en-US\",\"potentialAction\":[{\"@type\":\"ReadAction\",\"target\":[\"https:\\\/\\\/brigittedahan.com\\\/en\\\/exhibitions\\\/\"]}]},{\"@type\":\"ImageObject\",\"inLanguage\":\"en-US\",\"@id\":\"https:\\\/\\\/brigittedahan.com\\\/en\\\/exhibitions\\\/#primaryimage\",\"url\":\"https:\\\/\\\/brigittedahan.com\\\/wp-content\\\/uploads\\\/2026\\\/03\\\/Brigitte_Dahan2024-Galerie-Outremont-Montreal-Les-mondes-invisibles-IMG_2441.jpg\",\"contentUrl\":\"https:\\\/\\\/brigittedahan.com\\\/wp-content\\\/uploads\\\/2026\\\/03\\\/Brigitte_Dahan2024-Galerie-Outremont-Montreal-Les-mondes-invisibles-IMG_2441.jpg\"},{\"@type\":\"BreadcrumbList\",\"@id\":\"https:\\\/\\\/brigittedahan.com\\\/en\\\/exhibitions\\\/#breadcrumb\",\"itemListElement\":[{\"@type\":\"ListItem\",\"position\":1,\"name\":\"Accueil\",\"item\":\"https:\\\/\\\/brigittedahan.com\\\/en\\\/\"},{\"@type\":\"ListItem\",\"position\":2,\"name\":\"Exhibitions\"}]},{\"@type\":\"WebSite\",\"@id\":\"https:\\\/\\\/brigittedahan.com\\\/en\\\/#website\",\"url\":\"https:\\\/\\\/brigittedahan.com\\\/en\\\/\",\"name\":\"Brigitte Dahan\",\"description\":\"Arts visuels\",\"potentialAction\":[{\"@type\":\"SearchAction\",\"target\":{\"@type\":\"EntryPoint\",\"urlTemplate\":\"https:\\\/\\\/brigittedahan.com\\\/en\\\/?s={search_term_string}\"},\"query-input\":{\"@type\":\"PropertyValueSpecification\",\"valueRequired\":true,\"valueName\":\"search_term_string\"}}],\"inLanguage\":\"en-US\"}]}<\/script>\n<!-- \/ Yoast SEO plugin. -->","yoast_head_json":{"title":"Exhibitions - Brigitte Dahan","robots":{"index":"index","follow":"follow","max-snippet":"max-snippet:-1","max-image-preview":"max-image-preview:large","max-video-preview":"max-video-preview:-1"},"canonical":"https:\/\/brigittedahan.com\/en\/exhibitions\/","og_locale":"en_US","og_type":"article","og_title":"Exhibitions - Brigitte Dahan","og_description":"Solo Exhibitions 2026 Centre d&#8217;exposition d&#8217;Amos, Amos &#8211; Les mondes invisibles 2024 Centre national d&#8217;exposition, Saguenay &#8211; Les mondes invisibles 2024 Galerie d&#8217;art d&#8217;Outremont, Montr\u00e9al &#8211; Les mondes invisibles 2024 Galerie Montcalm, Gatineau &#8211; Les mondes invisibles 2023 Centre culturel Yvonne L. Bombardier, Valcourt &#8211; Les mondes invisibles 2022 Mus\u00e9e Marius Barbeau,\u00a0St-Joseph-de-Beauce &#8211; Apparences 2020&hellip;","og_url":"https:\/\/brigittedahan.com\/en\/exhibitions\/","og_site_name":"Brigitte Dahan","article_publisher":"https:\/\/www.facebook.com\/brigitte.dahan1","article_modified_time":"2026-03-17T14:18:17+00:00","og_image":[{"url":"https:\/\/brigittedahan.com\/wp-content\/uploads\/2026\/03\/Brigitte_Dahan2024-Galerie-Outremont-Montreal-Les-mondes-invisibles-IMG_2441.jpg","type":"","width":"","height":""}],"twitter_card":"summary_large_image","twitter_misc":{"Est. reading time":"2 minutes"},"schema":{"@context":"https:\/\/schema.org","@graph":[{"@type":"WebPage","@id":"https:\/\/brigittedahan.com\/en\/exhibitions\/","url":"https:\/\/brigittedahan.com\/en\/exhibitions\/","name":"Exhibitions - Brigitte Dahan","isPartOf":{"@id":"https:\/\/brigittedahan.com\/en\/#website"},"primaryImageOfPage":{"@id":"https:\/\/brigittedahan.com\/en\/exhibitions\/#primaryimage"},"image":{"@id":"https:\/\/brigittedahan.com\/en\/exhibitions\/#primaryimage"},"thumbnailUrl":"https:\/\/brigittedahan.com\/wp-content\/uploads\/2026\/03\/Brigitte_Dahan2024-Galerie-Outremont-Montreal-Les-mondes-invisibles-IMG_2441.jpg","datePublished":"2015-09-20T01:14:24+00:00","dateModified":"2026-03-17T14:18:17+00:00","breadcrumb":{"@id":"https:\/\/brigittedahan.com\/en\/exhibitions\/#breadcrumb"},"inLanguage":"en-US","potentialAction":[{"@type":"ReadAction","target":["https:\/\/brigittedahan.com\/en\/exhibitions\/"]}]},{"@type":"ImageObject","inLanguage":"en-US","@id":"https:\/\/brigittedahan.com\/en\/exhibitions\/#primaryimage","url":"https:\/\/brigittedahan.com\/wp-content\/uploads\/2026\/03\/Brigitte_Dahan2024-Galerie-Outremont-Montreal-Les-mondes-invisibles-IMG_2441.jpg","contentUrl":"https:\/\/brigittedahan.com\/wp-content\/uploads\/2026\/03\/Brigitte_Dahan2024-Galerie-Outremont-Montreal-Les-mondes-invisibles-IMG_2441.jpg"},{"@type":"BreadcrumbList","@id":"https:\/\/brigittedahan.com\/en\/exhibitions\/#breadcrumb","itemListElement":[{"@type":"ListItem","position":1,"name":"Accueil","item":"https:\/\/brigittedahan.com\/en\/"},{"@type":"ListItem","position":2,"name":"Exhibitions"}]},{"@type":"WebSite","@id":"https:\/\/brigittedahan.com\/en\/#website","url":"https:\/\/brigittedahan.com\/en\/","name":"Brigitte Dahan","description":"Arts visuels","potentialAction":[{"@type":"SearchAction","target":{"@type":"EntryPoint","urlTemplate":"https:\/\/brigittedahan.com\/en\/?s={search_term_string}"},"query-input":{"@type":"PropertyValueSpecification","valueRequired":true,"valueName":"search_term_string"}}],"inLanguage":"en-US"}]}},"_links":{"self":[{"href":"https:\/\/brigittedahan.com\/en\/wp-json\/wp\/v2\/pages\/1455","targetHints":{"allow":["GET"]}}],"collection":[{"href":"https:\/\/brigittedahan.com\/en\/wp-json\/wp\/v2\/pages"}],"about":[{"href":"https:\/\/brigittedahan.com\/en\/wp-json\/wp\/v2\/types\/page"}],"author":[{"embeddable":true,"href":"https:\/\/brigittedahan.com\/en\/wp-json\/wp\/v2\/users\/3"}],"replies":[{"embeddable":true,"href":"https:\/\/brigittedahan.com\/en\/wp-json\/wp\/v2\/comments?post=1455"}],"version-history":[{"count":2,"href":"https:\/\/brigittedahan.com\/en\/wp-json\/wp\/v2\/pages\/1455\/revisions"}],"predecessor-version":[{"id":4134,"href":"https:\/\/brigittedahan.com\/en\/wp-json\/wp\/v2\/pages\/1455\/revisions\/4134"}],"wp:attachment":[{"href":"https:\/\/brigittedahan.com\/en\/wp-json\/wp\/v2\/media?parent=1455"}],"curies":[{"name":"wp","href":"https:\/\/api.w.org\/{rel}","templated":true}]}}